{"id":3569,"date":"2024-12-09T14:33:51","date_gmt":"2024-12-09T13:33:51","guid":{"rendered":"https:\/\/alexandrasorgenicht.com\/?page_id=3569"},"modified":"2025-08-21T12:22:17","modified_gmt":"2025-08-21T10:22:17","slug":"seminarraum-koeln-suelz","status":"publish","type":"page","link":"https:\/\/alexandrasorgenicht.com\/en\/seminarraum-koeln-suelz\/","title":{"rendered":"seminar room cologne s\u00fclz"},"content":{"rendered":"<div data-elementor-type=\"wp-page\" data-elementor-id=\"3569\" class=\"elementor elementor-3569\" data-elementor-post-type=\"page\">\n\t\t\t\t<div class=\"elementor-element elementor-element-5a2903c e-con-full e-flex e-con e-parent\" data-id=\"5a2903c\" data-element_type=\"container\" data-e-type=\"container\">\n\t\t<div class=\"elementor-element elementor-element-0261c95 e-con-full e-flex e-con e-child\" data-id=\"0261c95\" data-element_type=\"container\" data-e-type=\"container\" data-settings=\"{&quot;background_background&quot;:&quot;classic&quot;}\">\n\t\t<div class=\"elementor-element elementor-element-4631db6 e-con-full e-flex e-con e-child\" data-id=\"4631db6\" data-element_type=\"container\" data-e-type=\"container\">\n\t\t\t\t<div class=\"elementor-element elementor-element-98e93fb elementor-widget elementor-widget-heading\" data-id=\"98e93fb\" data-element_type=\"widget\" data-e-type=\"widget\" data-widget_type=\"heading.default\">\n\t\t\t\t<div class=\"elementor-widget-container\">\n\t\t\t\t\t<h1 class=\"elementor-heading-title elementor-size-default\">First-class seminar room for rent in the south of Cologne!<\/h1>\t\t\t\t<\/div>\n\t\t\t\t<\/div>\n\t\t\t\t<div class=\"elementor-element elementor-element-f843c84 elementor-widget elementor-widget-text-editor\" data-id=\"f843c84\" data-element_type=\"widget\" data-e-type=\"widget\" data-widget_type=\"text-editor.default\">\n\t\t\t\t<div class=\"elementor-widget-container\">\n\t\t\t\t\t\t\t\t\t<p>The room is an oasis of peace and concentration in the middle of lively S\u00fclz-Klettenberg.<br \/><br \/>The light-flooded rooms with contrasting oak parquet flooring create a warm, high-quality atmosphere. Workshops, meetings, seminars, retreats - the LUX 305 is the perfect setting for any event.<\/p>\t\t\t\t\t\t\t\t<\/div>\n\t\t\t\t<\/div>\n\t\t\t\t<\/div>\n\t\t<div class=\"elementor-element elementor-element-f833d53 elementor-hidden-mobile e-con-full e-flex e-con e-child\" data-id=\"f833d53\" data-element_type=\"container\" data-e-type=\"container\">\n\t\t\t\t<div class=\"elementor-element elementor-element-10f1282 elementor-widget elementor-widget-image\" data-id=\"10f1282\" data-element_type=\"widget\" data-e-type=\"widget\" data-widget_type=\"image.default\">\n\t\t\t\t<div class=\"elementor-widget-container\">\n\t\t\t\t\t\t\t\t\t\t\t\t\t\t\t<img fetchpriority=\"high\" decoding=\"async\" width=\"800\" height=\"800\" src=\"https:\/\/alexandrasorgenicht.com\/wp-content\/uploads\/2024\/12\/2-1024x1024.jpg\" class=\"attachment-large size-large wp-image-3642\" alt=\"\" srcset=\"https:\/\/alexandrasorgenicht.com\/wp-content\/uploads\/2024\/12\/2-1024x1024.jpg 1024w, https:\/\/alexandrasorgenicht.com\/wp-content\/uploads\/2024\/12\/2-150x150.jpg 150w, https:\/\/alexandrasorgenicht.com\/wp-content\/uploads\/2024\/12\/2-300x300.jpg 300w, https:\/\/alexandrasorgenicht.com\/wp-content\/uploads\/2024\/12\/2-768x768.jpg 768w, https:\/\/alexandrasorgenicht.com\/wp-content\/uploads\/2024\/12\/2-12x12.jpg 12w, https:\/\/alexandrasorgenicht.com\/wp-content\/uploads\/2024\/12\/2.jpg 1080w\" sizes=\"(max-width: 800px) 100vw, 800px\" \/>\t\t\t\t\t\t\t\t\t\t\t\t\t\t\t<\/div>\n\t\t\t\t<\/div>\n\t\t\t\t<\/div>\n\t\t\t\t<\/div>\n\t\t\t\t<\/div>\n\t\t<div class=\"elementor-element elementor-element-fffd753 e-flex e-con-boxed e-con e-parent\" data-id=\"fffd753\" data-element_type=\"container\" data-e-type=\"container\">\n\t\t\t\t\t<div class=\"e-con-inner\">\n\t\t\t\t<div class=\"elementor-element elementor-element-f008bb3 elementor-widget elementor-widget-video\" data-id=\"f008bb3\" data-element_type=\"widget\" data-e-type=\"widget\" data-settings=\"{&quot;video_type&quot;:&quot;vimeo&quot;}\" data-widget_type=\"video.default\">\n\t\t\t\t<div class=\"elementor-widget-container\">\n\t\t\t\t\t\t\t<div class=\"elementor-wrapper elementor-open-inline\">\n\t\t\t<iframe class=\"elementor-video-iframe\" allowfullscreen allow=\"clipboard-write\" title=\"vimeo Video Player\" src=\"https:\/\/player.vimeo.com\/video\/754230513?color&amp;autopause=0&amp;loop=0&amp;muted=0&amp;title=1&amp;portrait=1&amp;byline=1&amp;h=4c75e53b79#t=\"><\/iframe>\t\t<\/div>\n\t\t\t\t\t\t<\/div>\n\t\t\t\t<\/div>\n\t\t\t\t\t<\/div>\n\t\t\t\t<\/div>\n\t\t<div class=\"elementor-element elementor-element-40ac758 e-flex e-con-boxed e-con e-parent\" data-id=\"40ac758\" data-element_type=\"container\" data-e-type=\"container\">\n\t\t\t\t\t<div class=\"e-con-inner\">\n\t\t<div class=\"elementor-element elementor-element-5c72976 e-con-full e-flex e-con e-child\" data-id=\"5c72976\" data-element_type=\"container\" data-e-type=\"container\">\n\t\t<div class=\"elementor-element elementor-element-4c42aaa e-con-full e-flex e-con e-child\" data-id=\"4c42aaa\" data-element_type=\"container\" data-e-type=\"container\">\n\t\t\t\t<div class=\"elementor-element elementor-element-9ca5c11 elementor-widget elementor-widget-text-editor\" data-id=\"9ca5c11\" data-element_type=\"widget\" data-e-type=\"widget\" data-widget_type=\"text-editor.default\">\n\t\t\t\t<div class=\"elementor-widget-container\">\n\t\t\t\t\t\t\t\t\t<p>Key data:<\/p>\t\t\t\t\t\t\t\t<\/div>\n\t\t\t\t<\/div>\n\t\t\t\t<div class=\"elementor-element elementor-element-d76ab20 elementor-widget__width-initial elementor-widget elementor-widget-text-editor\" data-id=\"d76ab20\" data-element_type=\"widget\" data-e-type=\"widget\" data-widget_type=\"text-editor.default\">\n\t\t\t\t<div class=\"elementor-widget-container\">\n\t\t\t\t\t\t\t\t\t<ul><li>Ground floor, wheelchair ramp available<\/li><li>Seminar room 110 sqm<\/li><li>Reception\/ cloakroom\/ arrival: 35 sqm<\/li><li>2 WCs, 1 wheelchair-accessible<\/li><li>Tea kitchen<\/li><li>10 loungers<\/li><li>60 chairs<\/li><li>5 tables (more on request)<\/li><li>Projector<\/li><li>Darkening partially possible<\/li><li>Sound system (via Bluetooth)<\/li><li>Relaxation room (approx. 12m2) accessible on request<\/li><\/ul>\t\t\t\t\t\t\t\t<\/div>\n\t\t\t\t<\/div>\n\t\t\t\t<div class=\"elementor-element elementor-element-18a2b4a elementor-widget elementor-widget-text-editor\" data-id=\"18a2b4a\" data-element_type=\"widget\" data-e-type=\"widget\" data-widget_type=\"text-editor.default\">\n\t\t\t\t<div class=\"elementor-widget-container\">\n\t\t\t\t\t\t\t\t\t<p>Further service:<\/p>\t\t\t\t\t\t\t\t<\/div>\n\t\t\t\t<\/div>\n\t\t\t\t<div class=\"elementor-element elementor-element-9bc176a elementor-widget__width-initial elementor-widget elementor-widget-text-editor\" data-id=\"9bc176a\" data-element_type=\"widget\" data-e-type=\"widget\" data-widget_type=\"text-editor.default\">\n\t\t\t\t<div class=\"elementor-widget-container\">\n\t\t\t\t\t\t\t\t\t<p>Event support, drinks, catering, possible with surcharge - depending on your wishes.<\/p>\t\t\t\t\t\t\t\t<\/div>\n\t\t\t\t<\/div>\n\t\t\t\t<div class=\"elementor-element elementor-element-dab9feb elementor-widget elementor-widget-text-editor\" data-id=\"dab9feb\" data-element_type=\"widget\" data-e-type=\"widget\" data-widget_type=\"text-editor.default\">\n\t\t\t\t<div class=\"elementor-widget-container\">\n\t\t\t\t\t\t\t\t\t<p>Costs:<\/p>\t\t\t\t\t\t\t\t<\/div>\n\t\t\t\t<\/div>\n\t\t\t\t<div class=\"elementor-element elementor-element-adb2d9d elementor-widget__width-initial elementor-widget elementor-widget-text-editor\" data-id=\"adb2d9d\" data-element_type=\"widget\" data-e-type=\"widget\" data-widget_type=\"text-editor.default\">\n\t\t\t\t<div class=\"elementor-widget-container\">\n\t\t\t\t\t\t\t\t\t<ul><li>450.00 net \/ day (up to 12 hours)<\/li><li>50,00 \u20ac net \/ hour<\/li><li>Cancellation: free of charge up to 4 weeks in advance, then 50%, <br \/>from two weeks before 100%<\/li><li>Prices are of course negotiable for regular rentals.<\/li><\/ul>\t\t\t\t\t\t\t\t<\/div>\n\t\t\t\t<\/div>\n\t\t\t\t<div class=\"elementor-element elementor-element-21e8faa elementor-widget__width-initial elementor-widget elementor-widget-text-editor\" data-id=\"21e8faa\" data-element_type=\"widget\" data-e-type=\"widget\" data-widget_type=\"text-editor.default\">\n\t\t\t\t<div class=\"elementor-widget-container\">\n\t\t\t\t\t\t\t\t\t<p><strong>Further information, questions and booking: <a href=\"mailto:hello@alexandrasorgenicht.com\">hello@alexandrasorgenicht.com<\/a><\/strong><\/p>\t\t\t\t\t\t\t\t<\/div>\n\t\t\t\t<\/div>\n\t\t\t\t<\/div>\n\t\t\t\t<\/div>\n\t\t\t\t\t<\/div>\n\t\t\t\t<\/div>\n\t\t<div class=\"elementor-element elementor-element-0f67aca e-con-full e-flex e-con e-parent\" data-id=\"0f67aca\" data-element_type=\"container\" data-e-type=\"container\">\n\t\t\t\t<div class=\"elementor-element elementor-element-e1ea3fc elementor-widget elementor-widget-gallery\" data-id=\"e1ea3fc\" data-element_type=\"widget\" data-e-type=\"widget\" data-settings=\"{&quot;gap&quot;:{&quot;unit&quot;:&quot;px&quot;,&quot;size&quot;:0,&quot;sizes&quot;:[]},&quot;lazyload&quot;:&quot;yes&quot;,&quot;gallery_layout&quot;:&quot;grid&quot;,&quot;columns&quot;:4,&quot;columns_tablet&quot;:2,&quot;columns_mobile&quot;:1,&quot;gap_tablet&quot;:{&quot;unit&quot;:&quot;px&quot;,&quot;size&quot;:10,&quot;sizes&quot;:[]},&quot;gap_mobile&quot;:{&quot;unit&quot;:&quot;px&quot;,&quot;size&quot;:10,&quot;sizes&quot;:[]},&quot;link_to&quot;:&quot;file&quot;,&quot;aspect_ratio&quot;:&quot;3:2&quot;,&quot;overlay_background&quot;:&quot;yes&quot;,&quot;content_hover_animation&quot;:&quot;fade-in&quot;}\" data-widget_type=\"gallery.default\">\n\t\t\t\t<div class=\"elementor-widget-container\">\n\t\t\t\t\t\t\t<div class=\"elementor-gallery__container\">\n\t\t\t\t\t\t\t<a class=\"e-gallery-item elementor-gallery-item elementor-animated-content\" href=\"https:\/\/alexandrasorgenicht.com\/wp-content\/uploads\/2024\/12\/1-1.jpg\" data-elementor-open-lightbox=\"yes\" data-elementor-lightbox-slideshow=\"e1ea3fc\" data-elementor-lightbox-title=\"1\" data-e-action-hash=\"#elementor-action%3Aaction%3Dlightbox%26settings%3DeyJpZCI6MzY0NiwidXJsIjoiaHR0cHM6XC9cL2FsZXhhbmRyYXNvcmdlbmljaHQuY29tXC93cC1jb250ZW50XC91cGxvYWRzXC8yMDI0XC8xMlwvMS0xLmpwZyIsInNsaWRlc2hvdyI6ImUxZWEzZmMifQ%3D%3D\">\n\t\t\t\t\t<div class=\"e-gallery-image elementor-gallery-item__image\" data-thumbnail=\"https:\/\/alexandrasorgenicht.com\/wp-content\/uploads\/2024\/12\/1-1-300x200.jpg\" data-width=\"300\" data-height=\"200\" aria-label=\"\" role=\"img\" ><\/div>\n\t\t\t\t\t\t\t\t\t\t\t<div class=\"elementor-gallery-item__overlay\"><\/div>\n\t\t\t\t\t\t\t\t\t\t\t\t\t\t<\/a>\n\t\t\t\t\t\t\t<a class=\"e-gallery-item elementor-gallery-item elementor-animated-content\" href=\"https:\/\/alexandrasorgenicht.com\/wp-content\/uploads\/2024\/12\/2-1.jpg\" data-elementor-open-lightbox=\"yes\" data-elementor-lightbox-slideshow=\"e1ea3fc\" data-elementor-lightbox-title=\"2\" data-e-action-hash=\"#elementor-action%3Aaction%3Dlightbox%26settings%3DeyJpZCI6MzY0NywidXJsIjoiaHR0cHM6XC9cL2FsZXhhbmRyYXNvcmdlbmljaHQuY29tXC93cC1jb250ZW50XC91cGxvYWRzXC8yMDI0XC8xMlwvMi0xLmpwZyIsInNsaWRlc2hvdyI6ImUxZWEzZmMifQ%3D%3D\">\n\t\t\t\t\t<div class=\"e-gallery-image elementor-gallery-item__image\" data-thumbnail=\"https:\/\/alexandrasorgenicht.com\/wp-content\/uploads\/2024\/12\/2-1-300x200.jpg\" data-width=\"300\" data-height=\"200\" aria-label=\"\" role=\"img\" ><\/div>\n\t\t\t\t\t\t\t\t\t\t\t<div class=\"elementor-gallery-item__overlay\"><\/div>\n\t\t\t\t\t\t\t\t\t\t\t\t\t\t<\/a>\n\t\t\t\t\t\t\t<a class=\"e-gallery-item elementor-gallery-item elementor-animated-content\" href=\"https:\/\/alexandrasorgenicht.com\/wp-content\/uploads\/2024\/12\/3.jpg\" data-elementor-open-lightbox=\"yes\" data-elementor-lightbox-slideshow=\"e1ea3fc\" data-elementor-lightbox-title=\"3\" data-e-action-hash=\"#elementor-action%3Aaction%3Dlightbox%26settings%3DeyJpZCI6MzY0OCwidXJsIjoiaHR0cHM6XC9cL2FsZXhhbmRyYXNvcmdlbmljaHQuY29tXC93cC1jb250ZW50XC91cGxvYWRzXC8yMDI0XC8xMlwvMy5qcGciLCJzbGlkZXNob3ciOiJlMWVhM2ZjIn0%3D\">\n\t\t\t\t\t<div class=\"e-gallery-image elementor-gallery-item__image\" data-thumbnail=\"https:\/\/alexandrasorgenicht.com\/wp-content\/uploads\/2024\/12\/3-300x200.jpg\" data-width=\"300\" data-height=\"200\" aria-label=\"\" role=\"img\" ><\/div>\n\t\t\t\t\t\t\t\t\t\t\t<div class=\"elementor-gallery-item__overlay\"><\/div>\n\t\t\t\t\t\t\t\t\t\t\t\t\t\t<\/a>\n\t\t\t\t\t\t\t<a class=\"e-gallery-item elementor-gallery-item elementor-animated-content\" href=\"https:\/\/alexandrasorgenicht.com\/wp-content\/uploads\/2024\/12\/1.jpg\" data-elementor-open-lightbox=\"yes\" data-elementor-lightbox-slideshow=\"e1ea3fc\" data-elementor-lightbox-title=\"1\" data-e-action-hash=\"#elementor-action%3Aaction%3Dlightbox%26settings%3DeyJpZCI6MzY0MSwidXJsIjoiaHR0cHM6XC9cL2FsZXhhbmRyYXNvcmdlbmljaHQuY29tXC93cC1jb250ZW50XC91cGxvYWRzXC8yMDI0XC8xMlwvMS5qcGciLCJzbGlkZXNob3ciOiJlMWVhM2ZjIn0%3D\">\n\t\t\t\t\t<div class=\"e-gallery-image elementor-gallery-item__image\" data-thumbnail=\"https:\/\/alexandrasorgenicht.com\/wp-content\/uploads\/2024\/12\/1-300x300.jpg\" data-width=\"300\" data-height=\"300\" aria-label=\"\" role=\"img\" ><\/div>\n\t\t\t\t\t\t\t\t\t\t\t<div class=\"elementor-gallery-item__overlay\"><\/div>\n\t\t\t\t\t\t\t\t\t\t\t\t\t\t<\/a>\n\t\t\t\t\t<\/div>\n\t\t\t\t\t<\/div>\n\t\t\t\t<\/div>\n\t\t\t\t<\/div>\n\t\t\t\t<\/div>","protected":false},"excerpt":{"rendered":"<p>Erstklassiger Seminarraum im K\u00f6lner S\u00fcden zu vermieten! Der Raum ist eine Oase der Ruhe und Konzentration, mitten im lebendigen S\u00fclz-Klettenberg. Die lichtdurchfluteten R\u00e4ume mit kontrastierendem Eichenparkett schenken eine wertige und warme Atmosph\u00e4re. Workshops, Meetings, Seminare, Retreats &#8211; jedes Event erf\u00e4hrt in der LUX 305 einen angemessenen Rahmen. https:\/\/vimeo.com\/754230513\/4c75e53b79?share=copy Eckdaten: EG, Rollstuhlrampe vorhanden Seminarraum 110 qm [&hellip;]<\/p>\n","protected":false},"author":2,"featured_media":0,"parent":0,"menu_order":0,"comment_status":"closed","ping_status":"closed","template":"","meta":{"footnotes":""},"class_list":["post-3569","page","type-page","status-publish","hentry"],"_links":{"self":[{"href":"https:\/\/alexandrasorgenicht.com\/en\/wp-json\/wp\/v2\/pages\/3569","targetHints":{"allow":["GET"]}}],"collection":[{"href":"https:\/\/alexandrasorgenicht.com\/en\/wp-json\/wp\/v2\/pages"}],"about":[{"href":"https:\/\/alexandrasorgenicht.com\/en\/wp-json\/wp\/v2\/types\/page"}],"author":[{"embeddable":true,"href":"https:\/\/alexandrasorgenicht.com\/en\/wp-json\/wp\/v2\/users\/2"}],"replies":[{"embeddable":true,"href":"https:\/\/alexandrasorgenicht.com\/en\/wp-json\/wp\/v2\/comments?post=3569"}],"version-history":[{"count":0,"href":"https:\/\/alexandrasorgenicht.com\/en\/wp-json\/wp\/v2\/pages\/3569\/revisions"}],"wp:attachment":[{"href":"https:\/\/alexandrasorgenicht.com\/en\/wp-json\/wp\/v2\/media?parent=3569"}],"curies":[{"name":"wp","href":"https:\/\/api.w.org\/{rel}","templated":true}]}}