{"id":30,"date":"2023-05-02T13:12:27","date_gmt":"2023-05-02T11:12:27","guid":{"rendered":"https:\/\/grateful-spectrum.flywheelsites.com\/?page_id=30"},"modified":"2025-10-16T14:25:49","modified_gmt":"2025-10-16T12:25:49","slug":"impressum","status":"publish","type":"page","link":"https:\/\/alexandrasorgenicht.com\/en\/impressum\/","title":{"rendered":"Imprint"},"content":{"rendered":"<div data-elementor-type=\"wp-page\" data-elementor-id=\"30\" class=\"elementor elementor-30\" data-elementor-post-type=\"page\">\n\t\t\t\t<div class=\"elementor-element elementor-element-576269e e-flex e-con-boxed e-con e-parent\" data-id=\"576269e\" data-element_type=\"container\" data-e-type=\"container\">\n\t\t\t\t\t<div class=\"e-con-inner\">\n\t\t\t\t<div class=\"elementor-element elementor-element-ce9f798 elementor-widget elementor-widget-heading\" data-id=\"ce9f798\" data-element_type=\"widget\" data-e-type=\"widget\" data-widget_type=\"heading.default\">\n\t\t\t\t<div class=\"elementor-widget-container\">\n\t\t\t\t\t<h2 class=\"elementor-heading-title elementor-size-default\">IMprint<\/h2>\t\t\t\t<\/div>\n\t\t\t\t<\/div>\n\t\t\t\t<div class=\"elementor-element elementor-element-744b70d elementor-widget elementor-widget-text-editor\" data-id=\"744b70d\" data-element_type=\"widget\" data-e-type=\"widget\" data-widget_type=\"text-editor.default\">\n\t\t\t\t<div class=\"elementor-widget-container\">\n\t\t\t\t\t\t\t\t\t<p><strong>Information according to \u00a75 TMG<\/strong><br \/>ALEXANDRA SORGENICHT<br \/>INTUITION AND INTUITIVE LIVING<br \/>Alexandra Sorgenicht is responsible for the content of this page.<br \/>hello@alexandrasorgenicht.com<\/p><p>\u200dLuxemburger Strasse 305<br \/>50939 Cologne<\/p><p>Tax number 219\/5316\/3053<\/p><p>Tax ID: DE278085463<\/p><p>\u00a0<\/p><p><strong style=\"letter-spacing: 0px; word-spacing: 0em;\">Design:<\/strong><\/p><p>Norma Phillips (K\u00e4mpchen)<br \/><a href=\"https:\/\/normaphillips.de\/\" target=\"_blank\" rel=\"noopener\">https:\/\/normaphillips.de\/<\/a><\/p><p><strong>Photos Alexandra Sorgenicht:<\/strong><br \/>Jeanne Degraa<br \/><a href=\"https:\/\/jeannedegraa.com\/\" target=\"_blank\" rel=\"noopener\">https:\/\/jeannedegraa.com\/<\/a><\/p><p><strong>Illustrations:<\/strong><br \/>Brian Storm<br \/><a href=\"https:\/\/www.storm-illustration.de\/\" target=\"_blank\" rel=\"noopener\">https:\/\/www.storm-illustration.de\/<\/a><\/p><p>\u200d<\/p><p><strong>\u200dLiability notice<\/strong><br \/>\u200dDespite careful control of the content, no liability is assumed for the content of external links. The operators of the linked pages are solely responsible for their content. Copyright<br \/>All images, illustrations, texts and the web design reproduced on this site are subject to copyright and other laws for the protection of intellectual property.<\/p><p><strong>Privacy policy<\/strong><br \/>We take the protection of your personal data very seriously. We treat your personal data confidentially and in accordance with the statutory data protection regulations and this privacy policy. It is generally possible to use our website without providing personal data. If personal data (e.g. name, address or e-mail addresses) is collected on our website, this is always done on a voluntary basis as far as possible. This data will not be passed on to third parties without your express consent. We would like to point out that data transmission over the Internet (e.g. when communicating by e-mail) may be subject to security vulnerabilities. Complete protection of data against access by third parties is not possible. You will find data protection information <strong>here.<\/strong><\/p>\t\t\t\t\t\t\t\t<\/div>\n\t\t\t\t<\/div>\n\t\t\t\t<div class=\"elementor-element elementor-element-379724a7 elementor-widget elementor-widget-button\" data-id=\"379724a7\" data-element_type=\"widget\" data-e-type=\"widget\" data-widget_type=\"button.default\">\n\t\t\t\t<div class=\"elementor-widget-container\">\n\t\t\t\t\t\t\t\t\t<div class=\"elementor-button-wrapper\">\n\t\t\t\t\t<a class=\"elementor-button elementor-button-link elementor-size-sm\" href=\"https:\/\/alexandrasorgenicht.com\/en\/\">\n\t\t\t\t\t\t<span class=\"elementor-button-content-wrapper\">\n\t\t\t\t\t\t\t\t\t<span class=\"elementor-button-text\">Home<\/span>\n\t\t\t\t\t<\/span>\n\t\t\t\t\t<\/a>\n\t\t\t\t<\/div>\n\t\t\t\t\t\t\t\t<\/div>\n\t\t\t\t<\/div>\n\t\t\t\t\t<\/div>\n\t\t\t\t<\/div>\n\t\t\t\t<\/div>","protected":false},"excerpt":{"rendered":"<p>IMpressum Angaben gem\u00e4\u00df \u00a75 TMGALEXANDRA SORGENICHTINTUITION UND INTUITIVES LEBENVerantwortlich f\u00fcr den Inhalt dieser Seite ist Alexandra Sorgenicht.hello@alexandrasorgenicht.com \u200dLuxemburger Stra\u00dfe 30550939 K\u00f6ln Steuernummer 219\/5316\/3053 Steuer ID: DE278085463 \u00a0 Design: Norma Phillips (K\u00e4mpchen)https:\/\/normaphillips.de\/ Fotos Alexandra Sorgenicht:Jeanne Degraahttps:\/\/jeannedegraa.com\/ Illustrationen:Brian Stormhttps:\/\/www.storm-illustration.de\/ \u200d \u200dHaftungshinweis\u200dTrotz sorgf\u00e4ltiger inhaltlicher Kontrolle wird keine Haftung f\u00fcr die Inhalte externer Links \u00fcbernommen. F\u00fcr den Inhalt der [&hellip;]<\/p>\n","protected":false},"author":2,"featured_media":0,"parent":0,"menu_order":0,"comment_status":"closed","ping_status":"closed","template":"elementor_canvas","meta":{"footnotes":""},"class_list":["post-30","page","type-page","status-publish","hentry"],"_links":{"self":[{"href":"https:\/\/alexandrasorgenicht.com\/en\/wp-json\/wp\/v2\/pages\/30","targetHints":{"allow":["GET"]}}],"collection":[{"href":"https:\/\/alexandrasorgenicht.com\/en\/wp-json\/wp\/v2\/pages"}],"about":[{"href":"https:\/\/alexandrasorgenicht.com\/en\/wp-json\/wp\/v2\/types\/page"}],"author":[{"embeddable":true,"href":"https:\/\/alexandrasorgenicht.com\/en\/wp-json\/wp\/v2\/users\/2"}],"replies":[{"embeddable":true,"href":"https:\/\/alexandrasorgenicht.com\/en\/wp-json\/wp\/v2\/comments?post=30"}],"version-history":[{"count":0,"href":"https:\/\/alexandrasorgenicht.com\/en\/wp-json\/wp\/v2\/pages\/30\/revisions"}],"wp:attachment":[{"href":"https:\/\/alexandrasorgenicht.com\/en\/wp-json\/wp\/v2\/media?parent=30"}],"curies":[{"name":"wp","href":"https:\/\/api.w.org\/{rel}","templated":true}]}}