{"id":2838,"date":"2024-07-19T11:33:54","date_gmt":"2024-07-19T09:33:54","guid":{"rendered":"https:\/\/alexandrasorgenicht.com\/?page_id=2838"},"modified":"2026-04-03T04:17:44","modified_gmt":"2026-04-03T02:17:44","slug":"podcast","status":"publish","type":"page","link":"https:\/\/alexandrasorgenicht.com\/en\/podcast\/","title":{"rendered":"Podcast"},"content":{"rendered":"<div data-elementor-type=\"wp-page\" data-elementor-id=\"2838\" class=\"elementor elementor-2838\" data-elementor-post-type=\"page\">\n\t\t\t\t<div class=\"elementor-element elementor-element-35e1adf5 e-con-full e-flex e-con e-parent\" data-id=\"35e1adf5\" data-element_type=\"container\" data-e-type=\"container\" data-settings=\"{&quot;background_background&quot;:&quot;classic&quot;}\">\n\t\t<div class=\"elementor-element elementor-element-1cc20a2c e-con-full e-flex e-con e-child\" data-id=\"1cc20a2c\" data-element_type=\"container\" data-e-type=\"container\">\n\t\t\t\t<div class=\"elementor-element elementor-element-1ce6f25 elementor-invisible elementor-widget elementor-widget-heading\" data-id=\"1ce6f25\" data-element_type=\"widget\" data-e-type=\"widget\" data-settings=\"{&quot;_animation&quot;:&quot;fadeIn&quot;}\" data-widget_type=\"heading.default\">\n\t\t\t\t<div class=\"elementor-widget-container\">\n\t\t\t\t\t<h1 class=\"elementor-heading-title elementor-size-default\">Podcast<\/h1>\t\t\t\t<\/div>\n\t\t\t\t<\/div>\n\t\t\t\t<div class=\"elementor-element elementor-element-df74da3 elementor-widget elementor-widget-heading\" data-id=\"df74da3\" data-element_type=\"widget\" data-e-type=\"widget\" data-widget_type=\"heading.default\">\n\t\t\t\t<div class=\"elementor-widget-container\">\n\t\t\t\t\t<h2 class=\"elementor-heading-title elementor-size-default\">INTUITIVE HUMAN - The Power of Human Intuition<\/h2>\t\t\t\t<\/div>\n\t\t\t\t<\/div>\n\t\t\t\t<div class=\"elementor-element elementor-element-1242f220 elementor-widget elementor-widget-text-editor\" data-id=\"1242f220\" data-element_type=\"widget\" data-e-type=\"widget\" data-widget_type=\"text-editor.default\">\n\t\t\t\t<div class=\"elementor-widget-container\">\n\t\t\t\t\t\t\t\t\t<p>Spirituality is not a comfort zone.<br \/>It's a matter of consciousness, ethics, and responsibility.<\/p><p>INTUITIVE HUMAN is about the central human ability to perceive connections before they are fully explainable: intuition.<\/p><p>Not as a diffuse idea, but as embodied knowledge competence. <span style=\"letter-spacing: 0px; word-spacing: 0em;\">Not as a retreat from the world, but as a foundation for attitude and action.<\/span><\/p><p>\u00a0<\/p>\t\t\t\t\t\t\t\t<\/div>\n\t\t\t\t<\/div>\n\t\t\t\t<\/div>\n\t\t\t\t<\/div>\n\t\t<div class=\"elementor-element elementor-element-fe39e4c e-flex e-con-boxed e-con e-parent\" data-id=\"fe39e4c\" data-element_type=\"container\" data-e-type=\"container\">\n\t\t\t\t\t<div class=\"e-con-inner\">\n\t\t\t\t<div class=\"elementor-element elementor-element-16d8f55 elementor-widget elementor-widget-html\" data-id=\"16d8f55\" data-element_type=\"widget\" data-e-type=\"widget\" data-widget_type=\"html.default\">\n\t\t\t\t<div class=\"elementor-widget-container\">\n\t\t\t\t\t<script class=\"podigee-podcast-player\" src=\"https:\/\/player.podigee-cdn.net\/podcast-player\/javascripts\/podigee-podcast-player.js\" data-configuration=\"https:\/\/erleuchtungonadailybasis.podigee.io\/embed?context=external\"><\/script>\t\t\t\t<\/div>\n\t\t\t\t<\/div>\n\t\t\t\t<div class=\"elementor-element elementor-element-93c6784 elementor-widget__width-initial elementor-widget elementor-widget-text-editor\" data-id=\"93c6784\" data-element_type=\"widget\" data-e-type=\"widget\" data-widget_type=\"text-editor.default\">\n\t\t\t\t<div class=\"elementor-widget-container\">\n\t\t\t\t\t\t\t\t\t<p>This podcast connects body awareness, spiritual traditions, and social analysis.<\/p><p>He is investigating how religious narratives, patriarchal structures, and colonial ways of thinking have shaped our perception \u2013 and why the decoupling of spirituality and responsibility continues to enable abuse and the concentration of power to this day.<br \/><br \/><strong>Intuition is at the core as a future skill.<\/strong><br \/><br \/>In a world that is becoming more complex, fragmented, and conflict-ridden, cognitive analysis alone is no longer sufficient. We need the ability to develop ethical orientation from embodied and conscious perception.<br \/><br \/>Intuitive Human operates at the intersection of:<\/p><ul><li>Spirituality and political responsibility<\/li><li>feminist analysis and historical power analysis<\/li><li>Trauma, Body, and Collective Imprinting<\/li><li>Religion, hierarchy, and institutionalized authority<\/li><li>Intuition as the Foundation of Leadership and Societal Design<\/li><\/ul><p><br \/>This podcast is for people who don't consume spirituality, but question it.<\/p><p>To people who recognize patriarchal patterns \u2013 in the outside world and within themselves.<br \/>To people who don't want to delegate responsibility.<br \/><br \/>Intuition is not a private resource.<br \/>She is a cultural competency.<br \/><br \/>And perhaps it is the ability that decides how we shape the future.<\/p>\t\t\t\t\t\t\t\t<\/div>\n\t\t\t\t<\/div>\n\t\t\t\t\t<\/div>\n\t\t\t\t<\/div>\n\t\t<div class=\"elementor-element elementor-element-454cf90 e-con-full e-flex e-con e-parent\" data-id=\"454cf90\" data-element_type=\"container\" data-e-type=\"container\">\n\t\t<div class=\"elementor-element elementor-element-8defafd e-con-full e-flex e-con e-child\" data-id=\"8defafd\" data-element_type=\"container\" data-e-type=\"container\">\n\t\t\t\t<\/div>\n\t\t<div class=\"elementor-element elementor-element-ab95584 e-con-full e-flex e-con e-child\" data-id=\"ab95584\" data-element_type=\"container\" data-e-type=\"container\">\n\t\t\t\t<\/div>\n\t\t\t\t<\/div>\n\t\t<div class=\"elementor-element elementor-element-287ac793 e-flex e-con-boxed e-con e-parent\" data-id=\"287ac793\" data-element_type=\"container\" data-e-type=\"container\" data-settings=\"{&quot;background_background&quot;:&quot;classic&quot;}\">\n\t\t\t\t\t<div class=\"e-con-inner\">\n\t\t<div class=\"elementor-element elementor-element-3ca93778 e-con-full e-flex e-con e-child\" data-id=\"3ca93778\" data-element_type=\"container\" data-e-type=\"container\">\n\t\t\t\t<\/div>\n\t\t\t\t\t<\/div>\n\t\t\t\t<\/div>\n\t\t<div class=\"elementor-element elementor-element-39c35ed3 e-con-full e-flex e-con e-parent\" data-id=\"39c35ed3\" data-element_type=\"container\" data-e-type=\"container\" data-settings=\"{&quot;background_background&quot;:&quot;classic&quot;}\">\n\t\t\t\t<div class=\"elementor-element elementor-element-5dc691af elementor-widget elementor-widget-heading\" data-id=\"5dc691af\" data-element_type=\"widget\" data-e-type=\"widget\" data-widget_type=\"heading.default\">\n\t\t\t\t<div class=\"elementor-widget-container\">\n\t\t\t\t\t<h2 class=\"elementor-heading-title elementor-size-default\">Alexandra as a guest at:<\/h2>\t\t\t\t<\/div>\n\t\t\t\t<\/div>\n\t\t\t\t<div class=\"elementor-element elementor-element-5724f7e7 elementor-widget__width-initial elementor-widget-mobile__width-inherit elementor-widget elementor-widget-text-editor\" data-id=\"5724f7e7\" data-element_type=\"widget\" data-e-type=\"widget\" data-widget_type=\"text-editor.default\">\n\t\t\t\t<div class=\"elementor-widget-container\">\n\t\t\t\t\t\t\t\t\t<p>Click on the picture to listen to the respective episode.<\/p>\t\t\t\t\t\t\t\t<\/div>\n\t\t\t\t<\/div>\n\t\t<div class=\"elementor-element elementor-element-f99a015 e-con-full e-grid e-con e-child\" data-id=\"f99a015\" data-element_type=\"container\" data-e-type=\"container\" data-settings=\"{&quot;background_background&quot;:&quot;classic&quot;}\">\n\t\t<div class=\"elementor-element elementor-element-b22fee4 e-con-full e-flex e-con e-child\" data-id=\"b22fee4\" data-element_type=\"container\" data-e-type=\"container\">\n\t\t\t\t<div class=\"elementor-element elementor-element-bbc405e elementor-widget elementor-widget-image\" data-id=\"bbc405e\" data-element_type=\"widget\" data-e-type=\"widget\" data-widget_type=\"image.default\">\n\t\t\t\t<div class=\"elementor-widget-container\">\n\t\t\t\t\t\t\t\t\t\t\t\t\t\t\t\t<a href=\"https:\/\/podcasts.apple.com\/de\/podcast\/397-wie-du-deine-intuition-trainierst-ich-hab-s-dir\/id1483064469?i=1000660693323\" target=\"_blank\">\n\t\t\t\t\t\t\t<img fetchpriority=\"high\" decoding=\"async\" width=\"800\" height=\"800\" src=\"https:\/\/alexandrasorgenicht.com\/wp-content\/uploads\/2024\/11\/Podcast_FunctionalBasics-1024x1024.jpg\" class=\"attachment-large size-large wp-image-3408\" alt=\"\" srcset=\"https:\/\/alexandrasorgenicht.com\/wp-content\/uploads\/2024\/11\/Podcast_FunctionalBasics-1024x1024.jpg 1024w, https:\/\/alexandrasorgenicht.com\/wp-content\/uploads\/2024\/11\/Podcast_FunctionalBasics-150x150.jpg 150w, https:\/\/alexandrasorgenicht.com\/wp-content\/uploads\/2024\/11\/Podcast_FunctionalBasics-300x300.jpg 300w, https:\/\/alexandrasorgenicht.com\/wp-content\/uploads\/2024\/11\/Podcast_FunctionalBasics-768x768.jpg 768w, https:\/\/alexandrasorgenicht.com\/wp-content\/uploads\/2024\/11\/Podcast_FunctionalBasics-12x12.jpg 12w, https:\/\/alexandrasorgenicht.com\/wp-content\/uploads\/2024\/11\/Podcast_FunctionalBasics.jpg 1080w\" sizes=\"(max-width: 800px) 100vw, 800px\" \/>\t\t\t\t\t\t\t\t<\/a>\n\t\t\t\t\t\t\t\t\t\t\t\t\t\t\t<\/div>\n\t\t\t\t<\/div>\n\t\t\t\t<div class=\"elementor-element elementor-element-5f6388a elementor-widget elementor-widget-text-editor\" data-id=\"5f6388a\" data-element_type=\"widget\" data-e-type=\"widget\" data-widget_type=\"text-editor.default\">\n\t\t\t\t<div class=\"elementor-widget-container\">\n\t\t\t\t\t\t\t\t\t<p>Functional Basics with Carsten W\u00f6lffling | 01.07.24<\/p>\t\t\t\t\t\t\t\t<\/div>\n\t\t\t\t<\/div>\n\t\t\t\t<div class=\"elementor-element elementor-element-3d6a155 elementor-widget elementor-widget-text-editor\" data-id=\"3d6a155\" data-element_type=\"widget\" data-e-type=\"widget\" data-widget_type=\"text-editor.default\">\n\t\t\t\t<div class=\"elementor-widget-container\">\n\t\t\t\t\t\t\t\t\t<p>#397 How to train your intuition! I told you so - Best regards, your intuition with Alexandra Sorgenicht &amp; Carsten W\u00f6lffling<\/p>\t\t\t\t\t\t\t\t<\/div>\n\t\t\t\t<\/div>\n\t\t\t\t<\/div>\n\t\t<div class=\"elementor-element elementor-element-31d8f3a e-con-full e-flex e-con e-child\" data-id=\"31d8f3a\" data-element_type=\"container\" data-e-type=\"container\">\n\t\t\t\t<div class=\"elementor-element elementor-element-26d8395 elementor-widget elementor-widget-image\" data-id=\"26d8395\" data-element_type=\"widget\" data-e-type=\"widget\" data-widget_type=\"image.default\">\n\t\t\t\t<div class=\"elementor-widget-container\">\n\t\t\t\t\t\t\t\t\t\t\t\t\t\t\t\t<a href=\"https:\/\/shineundheilig.podigee.io\/59-intuition_alexandrasorgenicht\" target=\"_blank\">\n\t\t\t\t\t\t\t<img decoding=\"async\" width=\"800\" height=\"800\" src=\"https:\/\/alexandrasorgenicht.com\/wp-content\/uploads\/2024\/11\/Podcast-shineHeilig-1024x1024.jpg\" class=\"attachment-large size-large wp-image-3409\" alt=\"\" srcset=\"https:\/\/alexandrasorgenicht.com\/wp-content\/uploads\/2024\/11\/Podcast-shineHeilig-1024x1024.jpg 1024w, https:\/\/alexandrasorgenicht.com\/wp-content\/uploads\/2024\/11\/Podcast-shineHeilig-150x150.jpg 150w, https:\/\/alexandrasorgenicht.com\/wp-content\/uploads\/2024\/11\/Podcast-shineHeilig-300x300.jpg 300w, https:\/\/alexandrasorgenicht.com\/wp-content\/uploads\/2024\/11\/Podcast-shineHeilig-768x768.jpg 768w, https:\/\/alexandrasorgenicht.com\/wp-content\/uploads\/2024\/11\/Podcast-shineHeilig-12x12.jpg 12w, https:\/\/alexandrasorgenicht.com\/wp-content\/uploads\/2024\/11\/Podcast-shineHeilig.jpg 1080w\" sizes=\"(max-width: 800px) 100vw, 800px\" \/>\t\t\t\t\t\t\t\t<\/a>\n\t\t\t\t\t\t\t\t\t\t\t\t\t\t\t<\/div>\n\t\t\t\t<\/div>\n\t\t\t\t<div class=\"elementor-element elementor-element-b43f127 elementor-widget elementor-widget-text-editor\" data-id=\"b43f127\" data-element_type=\"widget\" data-e-type=\"widget\" data-widget_type=\"text-editor.default\">\n\t\t\t\t<div class=\"elementor-widget-container\">\n\t\t\t\t\t\t\t\t\t<p>Shine &amp; Holy | 20.04.24<\/p>\t\t\t\t\t\t\t\t<\/div>\n\t\t\t\t<\/div>\n\t\t\t\t<div class=\"elementor-element elementor-element-186312b elementor-widget elementor-widget-text-editor\" data-id=\"186312b\" data-element_type=\"widget\" data-e-type=\"widget\" data-widget_type=\"text-editor.default\">\n\t\t\t\t<div class=\"elementor-widget-container\">\n\t\t\t\t\t\t\t\t\t<p>#059 - The power of intuition: Alexandra Sorgenicht on the discipline of the new age<\/p>\t\t\t\t\t\t\t\t<\/div>\n\t\t\t\t<\/div>\n\t\t\t\t<\/div>\n\t\t<div class=\"elementor-element elementor-element-538ab9c e-con-full e-flex e-con e-child\" data-id=\"538ab9c\" data-element_type=\"container\" data-e-type=\"container\">\n\t\t\t\t<div class=\"elementor-element elementor-element-14e4cdb elementor-widget elementor-widget-image\" data-id=\"14e4cdb\" data-element_type=\"widget\" data-e-type=\"widget\" data-widget_type=\"image.default\">\n\t\t\t\t<div class=\"elementor-widget-container\">\n\t\t\t\t\t\t\t\t\t\t\t\t\t\t\t\t<a href=\"https:\/\/shineundheilig.podigee.io\/59-intuition_alexandrasorgenicht\" target=\"_blank\">\n\t\t\t\t\t\t\t<img decoding=\"async\" width=\"800\" height=\"800\" src=\"https:\/\/alexandrasorgenicht.com\/wp-content\/uploads\/2024\/11\/Podcast-Kathy-Biehl-1024x1024.jpg\" class=\"attachment-large size-large wp-image-3406\" alt=\"\" srcset=\"https:\/\/alexandrasorgenicht.com\/wp-content\/uploads\/2024\/11\/Podcast-Kathy-Biehl-1024x1024.jpg 1024w, https:\/\/alexandrasorgenicht.com\/wp-content\/uploads\/2024\/11\/Podcast-Kathy-Biehl-150x150.jpg 150w, https:\/\/alexandrasorgenicht.com\/wp-content\/uploads\/2024\/11\/Podcast-Kathy-Biehl-300x300.jpg 300w, https:\/\/alexandrasorgenicht.com\/wp-content\/uploads\/2024\/11\/Podcast-Kathy-Biehl-768x768.jpg 768w, https:\/\/alexandrasorgenicht.com\/wp-content\/uploads\/2024\/11\/Podcast-Kathy-Biehl-12x12.jpg 12w, https:\/\/alexandrasorgenicht.com\/wp-content\/uploads\/2024\/11\/Podcast-Kathy-Biehl.jpg 1080w\" sizes=\"(max-width: 800px) 100vw, 800px\" \/>\t\t\t\t\t\t\t\t<\/a>\n\t\t\t\t\t\t\t\t\t\t\t\t\t\t\t<\/div>\n\t\t\t\t<\/div>\n\t\t\t\t<div class=\"elementor-element elementor-element-2a155e7 elementor-widget elementor-widget-text-editor\" data-id=\"2a155e7\" data-element_type=\"widget\" data-e-type=\"widget\" data-widget_type=\"text-editor.default\">\n\t\t\t\t<div class=\"elementor-widget-container\">\n\t\t\t\t\t\t\t\t\t<p>OMtimes Celestial Compass with Kathy Biel | 02.04.24<\/p>\t\t\t\t\t\t\t\t<\/div>\n\t\t\t\t<\/div>\n\t\t\t\t<div class=\"elementor-element elementor-element-94ad044 elementor-widget elementor-widget-text-editor\" data-id=\"94ad044\" data-element_type=\"widget\" data-e-type=\"widget\" data-widget_type=\"text-editor.default\">\n\t\t\t\t<div class=\"elementor-widget-container\">\n\t\t\t\t\t\t\t\t\t<p>Training Your Intuition with Alexandra Sorgenicht<\/p>\t\t\t\t\t\t\t\t<\/div>\n\t\t\t\t<\/div>\n\t\t\t\t<\/div>\n\t\t<div class=\"elementor-element elementor-element-4909c10 e-con-full e-flex e-con e-child\" data-id=\"4909c10\" data-element_type=\"container\" data-e-type=\"container\">\n\t\t\t\t<div class=\"elementor-element elementor-element-e7890a8 elementor-widget elementor-widget-image\" data-id=\"e7890a8\" data-element_type=\"widget\" data-e-type=\"widget\" data-widget_type=\"image.default\">\n\t\t\t\t<div class=\"elementor-widget-container\">\n\t\t\t\t\t\t\t\t\t\t\t\t\t\t\t\t<a href=\"https:\/\/open.spotify.com\/episode\/440RQ5zl0Uo4gkSAII2epX\" target=\"_blank\">\n\t\t\t\t\t\t\t<img loading=\"lazy\" decoding=\"async\" width=\"800\" height=\"800\" src=\"https:\/\/alexandrasorgenicht.com\/wp-content\/uploads\/2024\/11\/Podcast_Fakeless-Talks-1024x1024.jpg\" class=\"attachment-large size-large wp-image-3407\" alt=\"\" srcset=\"https:\/\/alexandrasorgenicht.com\/wp-content\/uploads\/2024\/11\/Podcast_Fakeless-Talks-1024x1024.jpg 1024w, https:\/\/alexandrasorgenicht.com\/wp-content\/uploads\/2024\/11\/Podcast_Fakeless-Talks-150x150.jpg 150w, https:\/\/alexandrasorgenicht.com\/wp-content\/uploads\/2024\/11\/Podcast_Fakeless-Talks-300x300.jpg 300w, https:\/\/alexandrasorgenicht.com\/wp-content\/uploads\/2024\/11\/Podcast_Fakeless-Talks-768x768.jpg 768w, https:\/\/alexandrasorgenicht.com\/wp-content\/uploads\/2024\/11\/Podcast_Fakeless-Talks-12x12.jpg 12w, https:\/\/alexandrasorgenicht.com\/wp-content\/uploads\/2024\/11\/Podcast_Fakeless-Talks.jpg 1080w\" sizes=\"(max-width: 800px) 100vw, 800px\" \/>\t\t\t\t\t\t\t\t<\/a>\n\t\t\t\t\t\t\t\t\t\t\t\t\t\t\t<\/div>\n\t\t\t\t<\/div>\n\t\t\t\t<div class=\"elementor-element elementor-element-0b3bef4 elementor-widget elementor-widget-text-editor\" data-id=\"0b3bef4\" data-element_type=\"widget\" data-e-type=\"widget\" data-widget_type=\"text-editor.default\">\n\t\t\t\t<div class=\"elementor-widget-container\">\n\t\t\t\t\t\t\t\t\t<p>Power not crisis Podcast FAKELESS TALKS with Claudia Conradin | October 2023<\/p>\t\t\t\t\t\t\t\t<\/div>\n\t\t\t\t<\/div>\n\t\t\t\t<div class=\"elementor-element elementor-element-2264659 elementor-widget elementor-widget-text-editor\" data-id=\"2264659\" data-element_type=\"widget\" data-e-type=\"widget\" data-widget_type=\"text-editor.default\">\n\t\t\t\t<div class=\"elementor-widget-container\">\n\t\t\t\t\t\t\t\t\t<p>Claudia with Alexandra - Intuition or illusion\u00a0<\/p>\t\t\t\t\t\t\t\t<\/div>\n\t\t\t\t<\/div>\n\t\t\t\t<\/div>\n\t\t\t\t<\/div>\n\t\t\t\t<\/div>\n\t\t\t\t<\/div>","protected":false},"excerpt":{"rendered":"<p>Podcast INTUITIVE HUMAN &#8211; Die kraft menschlicher Intuition Spiritualit\u00e4t ist keine Wohlf\u00fchlzone.Sie ist eine Frage von Bewusstsein, Ethik und Verantwortung. In INTUITIVE HUMAN geht es um die zentrale menschliche F\u00e4higkeit, Zusammenh\u00e4nge wahrzunehmen, bevor sie vollst\u00e4ndig erkl\u00e4rbar sind: Intuition. Nicht als diffuse Idee, sondern als verk\u00f6rperte Erkenntniskompetenz. Nicht als R\u00fcckzug aus der Welt, sondern als Grundlage [&hellip;]<\/p>\n","protected":false},"author":2,"featured_media":0,"parent":0,"menu_order":0,"comment_status":"closed","ping_status":"closed","template":"","meta":{"footnotes":""},"class_list":["post-2838","page","type-page","status-publish","hentry"],"_links":{"self":[{"href":"https:\/\/alexandrasorgenicht.com\/en\/wp-json\/wp\/v2\/pages\/2838","targetHints":{"allow":["GET"]}}],"collection":[{"href":"https:\/\/alexandrasorgenicht.com\/en\/wp-json\/wp\/v2\/pages"}],"about":[{"href":"https:\/\/alexandrasorgenicht.com\/en\/wp-json\/wp\/v2\/types\/page"}],"author":[{"embeddable":true,"href":"https:\/\/alexandrasorgenicht.com\/en\/wp-json\/wp\/v2\/users\/2"}],"replies":[{"embeddable":true,"href":"https:\/\/alexandrasorgenicht.com\/en\/wp-json\/wp\/v2\/comments?post=2838"}],"version-history":[{"count":6,"href":"https:\/\/alexandrasorgenicht.com\/en\/wp-json\/wp\/v2\/pages\/2838\/revisions"}],"predecessor-version":[{"id":7037,"href":"https:\/\/alexandrasorgenicht.com\/en\/wp-json\/wp\/v2\/pages\/2838\/revisions\/7037"}],"wp:attachment":[{"href":"https:\/\/alexandrasorgenicht.com\/en\/wp-json\/wp\/v2\/media?parent=2838"}],"curies":[{"name":"wp","href":"https:\/\/api.w.org\/{rel}","templated":true}]}}